{"id":399,"date":"2022-11-18T16:33:56","date_gmt":"2022-11-18T14:33:56","guid":{"rendered":"https:\/\/priman.ee\/?page_id=399"},"modified":"2022-11-25T14:37:41","modified_gmt":"2022-11-25T12:37:41","slug":"roofing-works-completed","status":"publish","type":"page","link":"https:\/\/priman.ee\/en\/projects-completed\/roofing-works-completed\/","title":{"rendered":"Roofing Works"},"content":{"rendered":"\n<div class=\"gb-grid-wrapper gb-grid-wrapper-30ee7ec6 align-bottom-button gb-query-loop-wrapper\">\n<div class=\"gb-grid-column gb-grid-column-9d915b64 gb-query-loop-item post-359 post type-post status-publish format-standard has-post-thumbnail hentry category-roofing-works\"><div class=\"gb-container gb-container-9d915b64\"><div class=\"gb-inside-container\">\n<figure class=\"gb-block-image gb-block-image-899af520\"><a href=\"https:\/\/priman.ee\/en\/roofing-works\/lossi-1-uuemoisa-laanemaa\/\"><img loading=\"lazy\" decoding=\"async\" width=\"900\" height=\"600\" src=\"https:\/\/priman.ee\/en\/wp-content\/uploads\/sites\/2\/2022\/11\/big_picture_1355_219.jpg\" class=\"gb-image-899af520\" alt=\"\" srcset=\"https:\/\/priman.ee\/en\/wp-content\/uploads\/sites\/2\/2022\/11\/big_picture_1355_219.jpg 900w, https:\/\/priman.ee\/en\/wp-content\/uploads\/sites\/2\/2022\/11\/big_picture_1355_219-300x200.jpg 300w, https:\/\/priman.ee\/en\/wp-content\/uploads\/sites\/2\/2022\/11\/big_picture_1355_219-768x512.jpg 768w\" sizes=\"auto, (max-width: 900px) 100vw, 900px\" \/><\/a><\/figure>\n\n<h2 class=\"gb-headline gb-headline-2fbb16d1 gb-headline-text\"><a href=\"https:\/\/priman.ee\/en\/roofing-works\/lossi-1-uuemoisa-laanemaa\/\">Lossi 1, Uuem\u00f5isa, L\u00e4\u00e4nemaa<\/a><\/h2>\n\n<div class=\"gb-button-wrapper gb-button-wrapper-eef3ad2f\">\n<a class=\"gb-button gb-button-5a7bc9c8 gb-button-text\" href=\"https:\/\/priman.ee\/en\/roofing-works\/lossi-1-uuemoisa-laanemaa\/\">Read more<\/a>\n<\/div>\n<\/div><\/div><\/div>\n\n<div class=\"gb-grid-column gb-grid-column-9d915b64 gb-query-loop-item post-355 post type-post status-publish format-standard has-post-thumbnail hentry category-roofing-works\"><div class=\"gb-container gb-container-9d915b64\"><div class=\"gb-inside-container\">\n<figure class=\"gb-block-image gb-block-image-899af520\"><a href=\"https:\/\/priman.ee\/en\/roofing-works\/vaba-4-haapsalu\/\"><img loading=\"lazy\" decoding=\"async\" width=\"900\" height=\"600\" src=\"https:\/\/priman.ee\/en\/wp-content\/uploads\/sites\/2\/2022\/11\/big_picture_1352_217.jpg\" class=\"gb-image-899af520\" alt=\"\" srcset=\"https:\/\/priman.ee\/en\/wp-content\/uploads\/sites\/2\/2022\/11\/big_picture_1352_217.jpg 900w, https:\/\/priman.ee\/en\/wp-content\/uploads\/sites\/2\/2022\/11\/big_picture_1352_217-300x200.jpg 300w, https:\/\/priman.ee\/en\/wp-content\/uploads\/sites\/2\/2022\/11\/big_picture_1352_217-768x512.jpg 768w\" sizes=\"auto, (max-width: 900px) 100vw, 900px\" \/><\/a><\/figure>\n\n<h2 class=\"gb-headline gb-headline-2fbb16d1 gb-headline-text\"><a href=\"https:\/\/priman.ee\/en\/roofing-works\/vaba-4-haapsalu\/\">Vaba 4, Haapsalu<\/a><\/h2>\n\n<div class=\"gb-button-wrapper gb-button-wrapper-eef3ad2f\">\n<a class=\"gb-button gb-button-5a7bc9c8 gb-button-text\" href=\"https:\/\/priman.ee\/en\/roofing-works\/vaba-4-haapsalu\/\">Read more<\/a>\n<\/div>\n<\/div><\/div><\/div>\n\n<div class=\"gb-grid-column gb-grid-column-9d915b64 gb-query-loop-item post-350 post type-post status-publish format-standard has-post-thumbnail hentry category-roofing-works\"><div class=\"gb-container gb-container-9d915b64\"><div class=\"gb-inside-container\">\n<figure class=\"gb-block-image gb-block-image-899af520\"><a href=\"https:\/\/priman.ee\/en\/roofing-works\/wiedemanni-15-haapsalu\/\"><img loading=\"lazy\" decoding=\"async\" width=\"900\" height=\"600\" src=\"https:\/\/priman.ee\/en\/wp-content\/uploads\/sites\/2\/2022\/11\/big_picture_1343_215.jpg\" class=\"gb-image-899af520\" alt=\"\" srcset=\"https:\/\/priman.ee\/en\/wp-content\/uploads\/sites\/2\/2022\/11\/big_picture_1343_215.jpg 900w, https:\/\/priman.ee\/en\/wp-content\/uploads\/sites\/2\/2022\/11\/big_picture_1343_215-300x200.jpg 300w, https:\/\/priman.ee\/en\/wp-content\/uploads\/sites\/2\/2022\/11\/big_picture_1343_215-768x512.jpg 768w\" sizes=\"auto, (max-width: 900px) 100vw, 900px\" \/><\/a><\/figure>\n\n<h2 class=\"gb-headline gb-headline-2fbb16d1 gb-headline-text\"><a href=\"https:\/\/priman.ee\/en\/roofing-works\/wiedemanni-15-haapsalu\/\">Wiedemanni 15, Haapsalu<\/a><\/h2>\n\n<div class=\"gb-button-wrapper gb-button-wrapper-eef3ad2f\">\n<a class=\"gb-button gb-button-5a7bc9c8 gb-button-text\" href=\"https:\/\/priman.ee\/en\/roofing-works\/wiedemanni-15-haapsalu\/\">Read more<\/a>\n<\/div>\n<\/div><\/div><\/div>\n\n<div class=\"gb-grid-column gb-grid-column-9d915b64 gb-query-loop-item post-334 post type-post status-publish format-standard has-post-thumbnail hentry category-roofing-works\"><div class=\"gb-container gb-container-9d915b64\"><div class=\"gb-inside-container\">\n<figure class=\"gb-block-image gb-block-image-899af520\"><a href=\"https:\/\/priman.ee\/en\/roofing-works\/jakobi-2-tartu-2\/\"><img loading=\"lazy\" decoding=\"async\" width=\"900\" height=\"600\" src=\"https:\/\/priman.ee\/en\/wp-content\/uploads\/sites\/2\/2022\/11\/big_picture_1313_206.jpg\" class=\"gb-image-899af520\" alt=\"\" srcset=\"https:\/\/priman.ee\/en\/wp-content\/uploads\/sites\/2\/2022\/11\/big_picture_1313_206.jpg 900w, https:\/\/priman.ee\/en\/wp-content\/uploads\/sites\/2\/2022\/11\/big_picture_1313_206-300x200.jpg 300w, https:\/\/priman.ee\/en\/wp-content\/uploads\/sites\/2\/2022\/11\/big_picture_1313_206-768x512.jpg 768w\" sizes=\"auto, (max-width: 900px) 100vw, 900px\" \/><\/a><\/figure>\n\n<h2 class=\"gb-headline gb-headline-2fbb16d1 gb-headline-text\"><a href=\"https:\/\/priman.ee\/en\/roofing-works\/jakobi-2-tartu-2\/\">Jakobi 2, Tartu<\/a><\/h2>\n\n<div class=\"gb-button-wrapper gb-button-wrapper-eef3ad2f\">\n<a class=\"gb-button gb-button-5a7bc9c8 gb-button-text\" href=\"https:\/\/priman.ee\/en\/roofing-works\/jakobi-2-tartu-2\/\">Read more<\/a>\n<\/div>\n<\/div><\/div><\/div>\n\n<div class=\"gb-grid-column gb-grid-column-9d915b64 gb-query-loop-item post-328 post type-post status-publish format-standard has-post-thumbnail hentry category-roofing-works\"><div class=\"gb-container gb-container-9d915b64\"><div class=\"gb-inside-container\">\n<figure class=\"gb-block-image gb-block-image-899af520\"><a href=\"https:\/\/priman.ee\/en\/roofing-works\/vabriku-8-ja-8a-tallinn\/\"><img loading=\"lazy\" decoding=\"async\" width=\"900\" height=\"600\" src=\"https:\/\/priman.ee\/en\/wp-content\/uploads\/sites\/2\/2022\/11\/big_picture_1317_202.jpg\" class=\"gb-image-899af520\" alt=\"\" srcset=\"https:\/\/priman.ee\/en\/wp-content\/uploads\/sites\/2\/2022\/11\/big_picture_1317_202.jpg 900w, https:\/\/priman.ee\/en\/wp-content\/uploads\/sites\/2\/2022\/11\/big_picture_1317_202-300x200.jpg 300w, https:\/\/priman.ee\/en\/wp-content\/uploads\/sites\/2\/2022\/11\/big_picture_1317_202-768x512.jpg 768w\" sizes=\"auto, (max-width: 900px) 100vw, 900px\" \/><\/a><\/figure>\n\n<h2 class=\"gb-headline gb-headline-2fbb16d1 gb-headline-text\"><a href=\"https:\/\/priman.ee\/en\/roofing-works\/vabriku-8-ja-8a-tallinn\/\">Vabriku 8 Ja 8a, Tallinn<\/a><\/h2>\n\n<div class=\"gb-button-wrapper gb-button-wrapper-eef3ad2f\">\n<a class=\"gb-button gb-button-5a7bc9c8 gb-button-text\" href=\"https:\/\/priman.ee\/en\/roofing-works\/vabriku-8-ja-8a-tallinn\/\">Read more<\/a>\n<\/div>\n<\/div><\/div><\/div>\n\n<div class=\"gb-grid-column gb-grid-column-9d915b64 gb-query-loop-item post-326 post type-post status-publish format-standard has-post-thumbnail hentry category-roofing-works\"><div class=\"gb-container gb-container-9d915b64\"><div class=\"gb-inside-container\">\n<figure class=\"gb-block-image gb-block-image-899af520\"><a href=\"https:\/\/priman.ee\/en\/roofing-works\/tallinna-mnt-1-lihula\/\"><img loading=\"lazy\" decoding=\"async\" width=\"864\" height=\"600\" src=\"https:\/\/priman.ee\/en\/wp-content\/uploads\/sites\/2\/2022\/11\/big_picture_1369_225.jpg\" class=\"gb-image-899af520\" alt=\"\" srcset=\"https:\/\/priman.ee\/en\/wp-content\/uploads\/sites\/2\/2022\/11\/big_picture_1369_225.jpg 864w, https:\/\/priman.ee\/en\/wp-content\/uploads\/sites\/2\/2022\/11\/big_picture_1369_225-300x208.jpg 300w, https:\/\/priman.ee\/en\/wp-content\/uploads\/sites\/2\/2022\/11\/big_picture_1369_225-768x533.jpg 768w\" sizes=\"auto, (max-width: 864px) 100vw, 864px\" \/><\/a><\/figure>\n\n<h2 class=\"gb-headline gb-headline-2fbb16d1 gb-headline-text\"><a href=\"https:\/\/priman.ee\/en\/roofing-works\/tallinna-mnt-1-lihula\/\">Tallinna Mnt.1, Lihula<\/a><\/h2>\n\n<div class=\"gb-button-wrapper gb-button-wrapper-eef3ad2f\">\n<a class=\"gb-button gb-button-5a7bc9c8 gb-button-text\" href=\"https:\/\/priman.ee\/en\/roofing-works\/tallinna-mnt-1-lihula\/\">Read more<\/a>\n<\/div>\n<\/div><\/div><\/div>\n\n<div class=\"gb-grid-column gb-grid-column-9d915b64 gb-query-loop-item post-321 post type-post status-publish format-standard has-post-thumbnail hentry category-roofing-works\"><div class=\"gb-container gb-container-9d915b64\"><div class=\"gb-inside-container\">\n<figure class=\"gb-block-image gb-block-image-899af520\"><a href=\"https:\/\/priman.ee\/en\/roofing-works\/viru-1-vene-2-4-tallinn\/\"><img loading=\"lazy\" decoding=\"async\" width=\"900\" height=\"600\" src=\"https:\/\/priman.ee\/en\/wp-content\/uploads\/sites\/2\/2022\/11\/big_picture_1331_209.jpg\" class=\"gb-image-899af520\" alt=\"\" srcset=\"https:\/\/priman.ee\/en\/wp-content\/uploads\/sites\/2\/2022\/11\/big_picture_1331_209.jpg 900w, https:\/\/priman.ee\/en\/wp-content\/uploads\/sites\/2\/2022\/11\/big_picture_1331_209-300x200.jpg 300w, https:\/\/priman.ee\/en\/wp-content\/uploads\/sites\/2\/2022\/11\/big_picture_1331_209-768x512.jpg 768w\" sizes=\"auto, (max-width: 900px) 100vw, 900px\" \/><\/a><\/figure>\n\n<h2 class=\"gb-headline gb-headline-2fbb16d1 gb-headline-text\"><a href=\"https:\/\/priman.ee\/en\/roofing-works\/viru-1-vene-2-4-tallinn\/\">Viru 1, Vene 2 &#8211; 4, Tallinn<\/a><\/h2>\n\n<div class=\"gb-button-wrapper gb-button-wrapper-eef3ad2f\">\n<a class=\"gb-button gb-button-5a7bc9c8 gb-button-text\" href=\"https:\/\/priman.ee\/en\/roofing-works\/viru-1-vene-2-4-tallinn\/\">Read more<\/a>\n<\/div>\n<\/div><\/div><\/div>\n\n<div class=\"gb-grid-column gb-grid-column-9d915b64 gb-query-loop-item post-293 post type-post status-publish format-standard has-post-thumbnail hentry category-roofing-works\"><div class=\"gb-container gb-container-9d915b64\"><div class=\"gb-inside-container\">\n<figure class=\"gb-block-image gb-block-image-899af520\"><a href=\"https:\/\/priman.ee\/en\/roofing-works\/pagari-1-tallinn\/\"><img loading=\"lazy\" decoding=\"async\" width=\"901\" height=\"600\" src=\"https:\/\/priman.ee\/en\/wp-content\/uploads\/sites\/2\/2022\/11\/big_picture_1375_227.jpg\" class=\"gb-image-899af520\" alt=\"\" srcset=\"https:\/\/priman.ee\/en\/wp-content\/uploads\/sites\/2\/2022\/11\/big_picture_1375_227.jpg 901w, https:\/\/priman.ee\/en\/wp-content\/uploads\/sites\/2\/2022\/11\/big_picture_1375_227-300x200.jpg 300w, https:\/\/priman.ee\/en\/wp-content\/uploads\/sites\/2\/2022\/11\/big_picture_1375_227-768x511.jpg 768w\" sizes=\"auto, (max-width: 901px) 100vw, 901px\" \/><\/a><\/figure>\n\n<h2 class=\"gb-headline gb-headline-2fbb16d1 gb-headline-text\"><a href=\"https:\/\/priman.ee\/en\/roofing-works\/pagari-1-tallinn\/\">Pagari 1, Tallinn<\/a><\/h2>\n\n<div class=\"gb-button-wrapper gb-button-wrapper-eef3ad2f\">\n<a class=\"gb-button gb-button-5a7bc9c8 gb-button-text\" href=\"https:\/\/priman.ee\/en\/roofing-works\/pagari-1-tallinn\/\">Read more<\/a>\n<\/div>\n<\/div><\/div><\/div>\n\n<div class=\"gb-grid-column gb-grid-column-9d915b64 gb-query-loop-item post-285 post type-post status-publish format-standard has-post-thumbnail hentry category-roofing-works\"><div class=\"gb-container gb-container-9d915b64\"><div class=\"gb-inside-container\">\n<figure class=\"gb-block-image gb-block-image-899af520\"><a href=\"https:\/\/priman.ee\/en\/roofing-works\/parnu-mnt-162-tallinn\/\"><img loading=\"lazy\" decoding=\"async\" width=\"900\" height=\"600\" src=\"https:\/\/priman.ee\/en\/wp-content\/uploads\/sites\/2\/2022\/11\/big_picture_1325_194.jpg\" class=\"gb-image-899af520\" alt=\"\" srcset=\"https:\/\/priman.ee\/en\/wp-content\/uploads\/sites\/2\/2022\/11\/big_picture_1325_194.jpg 900w, https:\/\/priman.ee\/en\/wp-content\/uploads\/sites\/2\/2022\/11\/big_picture_1325_194-300x200.jpg 300w, https:\/\/priman.ee\/en\/wp-content\/uploads\/sites\/2\/2022\/11\/big_picture_1325_194-768x512.jpg 768w\" sizes=\"auto, (max-width: 900px) 100vw, 900px\" \/><\/a><\/figure>\n\n<h2 class=\"gb-headline gb-headline-2fbb16d1 gb-headline-text\"><a href=\"https:\/\/priman.ee\/en\/roofing-works\/parnu-mnt-162-tallinn\/\">P\u00e4rnu mnt.162, Tallinn<\/a><\/h2>\n\n<div class=\"gb-button-wrapper gb-button-wrapper-eef3ad2f\">\n<a class=\"gb-button gb-button-5a7bc9c8 gb-button-text\" href=\"https:\/\/priman.ee\/en\/roofing-works\/parnu-mnt-162-tallinn\/\">Read more<\/a>\n<\/div>\n<\/div><\/div><\/div>\n<\/div>\n","protected":false},"excerpt":{"rendered":"","protected":false},"author":1,"featured_media":478,"parent":22,"menu_order":0,"comment_status":"closed","ping_status":"closed","template":"","meta":{"footnotes":""},"class_list":["post-399","page","type-page","status-publish","has-post-thumbnail"],"_links":{"self":[{"href":"https:\/\/priman.ee\/en\/wp-json\/wp\/v2\/pages\/399","targetHints":{"allow":["GET"]}}],"collection":[{"href":"https:\/\/priman.ee\/en\/wp-json\/wp\/v2\/pages"}],"about":[{"href":"https:\/\/priman.ee\/en\/wp-json\/wp\/v2\/types\/page"}],"author":[{"embeddable":true,"href":"https:\/\/priman.ee\/en\/wp-json\/wp\/v2\/users\/1"}],"replies":[{"embeddable":true,"href":"https:\/\/priman.ee\/en\/wp-json\/wp\/v2\/comments?post=399"}],"version-history":[{"count":3,"href":"https:\/\/priman.ee\/en\/wp-json\/wp\/v2\/pages\/399\/revisions"}],"predecessor-version":[{"id":594,"href":"https:\/\/priman.ee\/en\/wp-json\/wp\/v2\/pages\/399\/revisions\/594"}],"up":[{"embeddable":true,"href":"https:\/\/priman.ee\/en\/wp-json\/wp\/v2\/pages\/22"}],"wp:featuredmedia":[{"embeddable":true,"href":"https:\/\/priman.ee\/en\/wp-json\/wp\/v2\/media\/478"}],"wp:attachment":[{"href":"https:\/\/priman.ee\/en\/wp-json\/wp\/v2\/media?parent=399"}],"curies":[{"name":"wp","href":"https:\/\/api.w.org\/{rel}","templated":true}]}}